{"id":1487,"date":"2017-09-20T06:15:46","date_gmt":"2017-09-20T06:15:46","guid":{"rendered":"https:\/\/villa-in-corfu.com\/online-reservation-villas-in-corfu-copy\/"},"modified":"2023-08-03T13:15:59","modified_gmt":"2023-08-03T13:15:59","slug":"buchung-villen-auf-korfu","status":"publish","type":"page","link":"https:\/\/villa-in-corfu.com\/de\/buchung-villen-auf-korfu\/","title":{"rendered":"BUCHUNG"},"content":{"rendered":"<p><section  id=\"section-69f8cd730fd7c\" class=\" fw-main-row-custom fw-main-row-top fw-section-no-padding fw-content-overlay-custom fw_theme_bg_fw-custom fw-section-image fw-section-height-custom  tf-sh-0427b7c6c59618cbd33a2e564bb5cafc \"  style=\"  background-image:url(https:\/\/villa-in-corfu.com\/wp-content\/uploads\/2017\/09\/reservation-villas-in-arillas-corfu.jpg); background-repeat: no-repeat; background-position: center top; background-size: auto; margin-bottom:-60px; height: 560px;\"  >\r\n\t\t\t<div class=\"fw-container\" >\r\n\t\t<div class=\"fw-row\">\n\t<div id=\"column-18b8432e0468f1415a3ae419b7822d33\" class=\"fw-col-sm-12 tf-sh-18b8432e0468f1415a3ae419b7822d33  fw-animated-element fw-col-no-padding\" data-animation-type=\"fadeInUp\" data-animation-delay=\"300\">\r\n\t\t<div class=\"fw-col-inner\">\r\n\t\t<div class=\"fw-heading fw-heading-center  fw-heading-with-subtitle tf-sh-277ab0ddd26e64a702509b6a58d9f9c2\" >\r\n\t\t\t<h1 class=\"fw-special-title\">Villen auf Korfu<\/h1>\r\n\t\r\n\t\r\n\t\t\t<div class=\"fw-special-subtitle\">Buchung<\/div>\r\n\t<\/div>\t<\/div>\r\n<\/div><\/div>\n\n\t<\/div>\r\n\t<\/section><section  id=\"section-69f8cd7310948\" class=\" fw-main-row-custom fw-section-no-padding  auto  tf-sh-3db7f0418ae849b811b878a5b7f6511d \"  style=\"   \"  >\r\n\t\t\t<div class=\"fw-container\" >\r\n\t\t<div class=\"fw-row\">\n\t<div id=\"column-5d0aefb27a7626cb2cd91c29c4c5b78d\" class=\"fw-col-sm-12 tf-sh-5d0aefb27a7626cb2cd91c29c4c5b78d  fw-column-height-custom fw-animated-element\" data-animation-type=\"fadeInUp\" data-animation-delay=\"300\"  style=\"height: 515px;\">\r\n\t\t<div class=\"fw-col-inner\">\r\n\t\t<div class=\"fw-text-box tf-sh-78b4e860daee041c1597fa210a9e937b \" >\r\n\t<div class=\"fw-text-inner\">\r\n\t\t<p style=\"text-align: justify;\">Bitte f\u00fcllen Sie das Reservierungsformular aus, um mit uns in Kontakt zu treten, um eine Reservierung online zu machen oder um detaillierte Termine f\u00fcr unsere Poolvillen in der wundersch\u00f6nen Insel Korfu zu erfahren.<\/p>\n\t<\/div>\r\n<\/div><div class=\"fw-divider-space  fw-custom-space  fw-mobile-hide-element clearfix\" style=\"height:50px;\" ><\/div><div class=\"fw-raw-code \">\r\n\t\t<form action=\"https:\/\/megalitharivilllas.reserve-online.net\/\" method=\"post\" class=\"res-form\"  style=\"justify-content: center;\">\n    \n\t<input type=\"hidden\" name=\"lang\" value=\"en_GB\">\n\t\n\t<div class=\"qodef-grid qodef-responsive--custom qodef-gutter--normal qodef-col-num--768--1 qodef-col-num--680--1 qodef-col-num--480--1 qodef-layout--columns qodef-col-num--6\">\n\t<div class=\"qodef-grid-inner\">\n\t<div class=\"qodef-grid-item\">\n\t<p><label for=\"checkin\" >Anreise: <\/label>\n\t<input id=\"checkin\" type=\"date\" name=\"checkin\" size=\"12\" maxlength=\"10\" class=\"checkinmil\" placeholder=\"Check in\" value=\"\"><\/p>\n\t<\/div>\n\t    \n\t<div class=\"qodef-grid-item\">\n\t<p><label for=\"nights\">Abfahrt:<\/label>\n\t<input type=\"date\" id=\"checkout-picker\" placeholder=\"Check out\" name=\"checkout\" size=\"12\" maxlength=\"10\" class=\"checkinmil\"><\/p>\n\t<\/div>\n\t\n\t<div class=\"qodef-grid-item\">\n\t<p><label for=\"rooms\" >Villen: <\/label>\n\t<select id=\"villas\" name=\"villas\">\n\t\t<option value=\"1\" selected=\"selected\">1<\/option>\n\t\t<option value=\"2\">2<\/option>\n\t\t<option value=\"3\">3<\/option>\n\t<\/select><\/p>\n\t<\/div>\n\t\n\t<div class=\"qodef-grid-item\">\t\n\t<p><label for=\"adults\" >Erwachsene:<\/label>\n\t<select id=\"adults\" name=\"adults\">\n\t\t<option value=\"1\">1<\/option>\n\t\t<option value=\"2\" selected=\"selected\">2<\/option>\n\t\t<option value=\"3\">3<\/option>\n\t\t<option value=\"4\">4<\/option>\n\t<\/select><\/p>\n\t<\/div>\n\t\n\t<div class=\"qodef-grid-item\">    \n\t<p><label for=\"children\">Kinder:<\/label>\n\t<select id=\"children\" name=\"children\">\n\t\t<option value=\"0\" selected=\"selected\">0<\/option>\n\t\t<option value=\"1\">1<\/option>\n\t\t<option value=\"2\">2<\/option>\n\t\t<option value=\"3\">3<\/option>\n                <option value=\"4\">4<\/option>\n                <option value=\"5\">5<\/option>\n\t<\/select><\/p>\n\t<\/div>\n\t    \n\t<div class=\"qodef-grid-item\">    \n\t<p class=\"book-btn\"><button type=\"submit\" class=\"prime\">BOOK NOW<\/button><\/p>\n\t<\/div>\n\t\n\t<\/div><\/div>\n\t<script>function getDate(date) {\n   let year = date.getFullYear();\n   let month = (date.getMonth() + 1);\n   let day = (date.getDate());\n\n   if(day < 10) {\n      day = '0' + day;\n   }\n   if(month < 10) {\n      month = '0' + month;\n   }\n   return year + \"-\" + month + \"-\" + day;\n}\n\nlet currentDateTime = new Date();\nlet dateToday = getDate(currentDateTime)\nlet checkinElem = document.querySelector(\"#checkin\");\nlet checkoutElem = document.querySelector(\"#checkout-picker\");\n\ncheckinElem.setAttribute(\"min\", dateToday);\ncheckinElem.onchange = function () {\n   let minDaysStay = 1;\n   let minCheckoutDate = new Date(Date.parse(this.value) + minDaysStay * 24 * 60 * 60 * 1000);\n   let minCheckoutValue = getDate(minCheckoutDate);\n   checkoutElem.setAttribute(\"min\", minCheckoutValue);\n   checkoutElem.value = minCheckoutValue;\n   checkoutElem.setAttribute(\"value\", minCheckoutValue);\n}<\/script>\n<\/form><\/div>\t<\/div>\r\n<\/div><\/div>\n\n\t<\/div>\r\n\t<\/section><section  id=\"section-69f8cd7311888\" class=\" fw-main-row-custom  auto  tf-sh-937ce49b4e53de67dd45c36816cba8e2 \"  style=\"   \"  >\r\n\t\t\t<div class=\"fw-container-fluid\" >\r\n\t\t<div class=\"fw-row\">\n\t<div id=\"column-2b0da208f4123d9b556f5ac33d5c81cd\" class=\"fw-col-sm-2 tf-sh-2b0da208f4123d9b556f5ac33d5c81cd\" >\r\n\t\t<div class=\"fw-col-inner\">\r\n\t\t\t<\/div>\r\n<\/div><div id=\"column-f0b661aad387a50d1981c8d866a97720\" class=\"fw-col-sm-4 tf-sh-f0b661aad387a50d1981c8d866a97720\" >\r\n\t\t<div class=\"fw-col-inner\">\r\n\t\t<div class=\"fw-heading fw-heading-left  tf-sh-86ebfb2e8d6515428292620b50d86c1a\" >\r\n\t\t\t<h2 class=\"fw-special-title\">Standort<\/h2>\r\n\t\r\n\t\r\n\t<\/div><div class=\"fw-text-box tf-sh-1f177cb78c3a8c1783cb0844605236b1 \" >\r\n\t<div class=\"fw-text-inner\">\r\n\t\t<p>Luxe Villen befindet sich im Nordwesten der Insel Korfu, nur wenige Kilometer von den ber\u00fchmten Sandstr\u00e4nden von Arillas, St. Georges Bay und San Stefanos Bucht entfernt. Alle diese Orte haben viele Gesch\u00e4fte und Restaurants zum Einkaufen und erkunden Sie die typisch griechische K\u00fcche.<\/p>\n\t<\/div>\r\n<\/div>\t<\/div>\r\n<\/div><div id=\"column-73c4b3a9eaa0066c3815d3475bec97b0\" class=\"fw-col-sm-4 tf-sh-73c4b3a9eaa0066c3815d3475bec97b0 map-adjustment\" >\r\n\t\t<div class=\"fw-col-inner\">\r\n\t\t<div class=\"wrap-map fw-map  tf-sh-32f8c174e43424767b542bebf2ca47c8\"  data-locations=\"[{&quot;title&quot;:&quot;&quot;,&quot;url&quot;:&quot;&quot;,&quot;thumb&quot;:&quot;https:\\\/\\\/villa-in-corfu.com\\\/wp-content\\\/uploads\\\/2017\\\/03\\\/map-pin-1-100x60.png&quot;,&quot;coordinates&quot;:{&quot;lat&quot;:39.7417841,&quot;lng&quot;:19.6703467},&quot;description&quot;:&quot;&quot;}]\" data-map-type=\"ROADMAP\" data-map-height=\"600\" data-unique-id=\"32f8c174e43424767b542bebf2ca47c8\" data-location-advanced-styling=\"{&quot;title&quot;:{&quot;google_font&quot;:true,&quot;subset&quot;:&quot;cyrillic-ext&quot;,&quot;variation&quot;:&quot;500&quot;,&quot;family&quot;:&quot;Cormorant Garamond&quot;,&quot;style&quot;:false,&quot;weight&quot;:false,&quot;size&quot;:&quot;18&quot;,&quot;line-height&quot;:&quot;24&quot;,&quot;letter-spacing&quot;:&quot;-0.3&quot;,&quot;color-palette&quot;:{&quot;id&quot;:&quot;fw-custom&quot;,&quot;color&quot;:&quot;&quot;},&quot;is_saved&quot;:false},&quot;description&quot;:{&quot;google_font&quot;:true,&quot;subset&quot;:&quot;latin-ext&quot;,&quot;variation&quot;:&quot;regular&quot;,&quot;family&quot;:&quot;Spinnaker&quot;,&quot;style&quot;:false,&quot;weight&quot;:false,&quot;size&quot;:&quot;16&quot;,&quot;line-height&quot;:&quot;28&quot;,&quot;letter-spacing&quot;:&quot;-0.3&quot;,&quot;color-palette&quot;:{&quot;id&quot;:&quot;fw-custom&quot;,&quot;color&quot;:&quot;&quot;},&quot;is_saved&quot;:false}}\" data-map-pin=\"{&quot;url&quot;:&quot;\\\/\\\/villa-in-corfu.com\\\/wp-content\\\/uploads\\\/2017\\\/03\\\/map-pin-1.png&quot;}\" data-map-zoom=\"12\" data-map-style=\"[{&quot;featureType&quot;:&quot;administrative&quot;,&quot;elementType&quot;:&quot;labels.text.fill&quot;,&quot;stylers&quot;:[{&quot;color&quot;:&quot;#444444&quot;}]},{&quot;featureType&quot;:&quot;administrative.country&quot;,&quot;elementType&quot;:&quot;geometry.stroke&quot;,&quot;stylers&quot;:[{&quot;visibility&quot;:&quot;on&quot;}]},{&quot;featureType&quot;:&quot;landscape&quot;,&quot;elementType&quot;:&quot;all&quot;,&quot;stylers&quot;:[{&quot;color&quot;:&quot;#f2f2f2&quot;}]},{&quot;featureType&quot;:&quot;poi&quot;,&quot;elementType&quot;:&quot;all&quot;,&quot;stylers&quot;:[{&quot;visibility&quot;:&quot;off&quot;}]},{&quot;featureType&quot;:&quot;road&quot;,&quot;elementType&quot;:&quot;all&quot;,&quot;stylers&quot;:[{&quot;saturation&quot;:-100},{&quot;lightness&quot;:45}]},{&quot;featureType&quot;:&quot;road.highway&quot;,&quot;elementType&quot;:&quot;all&quot;,&quot;stylers&quot;:[{&quot;visibility&quot;:&quot;simplified&quot;}]},{&quot;featureType&quot;:&quot;road.arterial&quot;,&quot;elementType&quot;:&quot;labels.icon&quot;,&quot;stylers&quot;:[{&quot;visibility&quot;:&quot;off&quot;}]},{&quot;featureType&quot;:&quot;transit&quot;,&quot;elementType&quot;:&quot;all&quot;,&quot;stylers&quot;:[{&quot;visibility&quot;:&quot;off&quot;}]},{&quot;featureType&quot;:&quot;water&quot;,&quot;elementType&quot;:&quot;all&quot;,&quot;stylers&quot;:[{&quot;color&quot;:&quot;#f0b96d&quot;},{&quot;visibility&quot;:&quot;on&quot;}]}]\" data-animation-group=\"{&quot;selected&quot;:&quot;no&quot;,&quot;yes&quot;:{&quot;animation&quot;:{&quot;animation&quot;:&quot;fadeInUp&quot;,&quot;delay&quot;:&quot;200&quot;}}}\" data-responsive=\"{&quot;desktop_display&quot;:{&quot;selected&quot;:&quot;yes&quot;},&quot;tablet_landscape_display&quot;:{&quot;selected&quot;:&quot;yes&quot;},&quot;tablet_display&quot;:{&quot;selected&quot;:&quot;yes&quot;},&quot;smartphone_display&quot;:{&quot;selected&quot;:&quot;yes&quot;}}\" data-class=\"\" >\r\n\t<div class=\"fw-map-canvas map\"><\/div>\r\n<\/div>\t<\/div>\r\n<\/div><div id=\"column-6e44e4b3903862985f990531689e5d4a\" class=\"fw-col-sm-2 tf-sh-6e44e4b3903862985f990531689e5d4a\" >\r\n\t\t<div class=\"fw-col-inner\">\r\n\t\t\t<\/div>\r\n<\/div><\/div>\n\n<div class=\"fw-row\">\n\t<div id=\"column-a6f5271173a68d5d1333c9e0444cb090\" class=\"fw-col-sm-12 tf-sh-a6f5271173a68d5d1333c9e0444cb090\" >\r\n\t\t<div class=\"fw-col-inner\">\r\n\t\t<div class=\"fw-divider-space space-md  clearfix\"  ><\/div>\t<\/div>\r\n<\/div><\/div>\n\n\t<\/div>\r\n\t<\/section><\/p>\n","protected":false},"excerpt":{"rendered":"<p>Villen auf Korfu Buchung Bitte f\u00fcllen Sie das Reservierungsformular aus, um mit uns in Kontakt zu treten, um eine Reservierung online zu machen oder um detaillierte Termine f\u00fcr unsere Poolvillen in der wundersch\u00f6nen Insel Korfu zu erfahren. Anreise: Abfahrt: Villen: 1 2 3 Erwachsene: 1 2 3 4 Kinder: 0 1 2 3 4 5 [&hellip;]<\/p>\n","protected":false},"author":1,"featured_media":0,"parent":0,"menu_order":0,"comment_status":"closed","ping_status":"closed","template":"visual-builder-template.php","meta":{"ngg_post_thumbnail":0,"footnotes":""},"aioseo_notices":[],"_links":{"self":[{"href":"https:\/\/villa-in-corfu.com\/de\/wp-json\/wp\/v2\/pages\/1487"}],"collection":[{"href":"https:\/\/villa-in-corfu.com\/de\/wp-json\/wp\/v2\/pages"}],"about":[{"href":"https:\/\/villa-in-corfu.com\/de\/wp-json\/wp\/v2\/types\/page"}],"author":[{"embeddable":true,"href":"https:\/\/villa-in-corfu.com\/de\/wp-json\/wp\/v2\/users\/1"}],"replies":[{"embeddable":true,"href":"https:\/\/villa-in-corfu.com\/de\/wp-json\/wp\/v2\/comments?post=1487"}],"version-history":[{"count":5,"href":"https:\/\/villa-in-corfu.com\/de\/wp-json\/wp\/v2\/pages\/1487\/revisions"}],"predecessor-version":[{"id":7265,"href":"https:\/\/villa-in-corfu.com\/de\/wp-json\/wp\/v2\/pages\/1487\/revisions\/7265"}],"wp:attachment":[{"href":"https:\/\/villa-in-corfu.com\/de\/wp-json\/wp\/v2\/media?parent=1487"}],"curies":[{"name":"wp","href":"https:\/\/api.w.org\/{rel}","templated":true}]}}